{"id":11,"date":"2023-02-07T21:18:21","date_gmt":"2023-02-08T02:18:21","guid":{"rendered":"https:\/\/www.erablieredurangdesvents.ca\/?page_id=11"},"modified":"2023-02-08T13:34:29","modified_gmt":"2023-02-08T18:34:29","slug":"about","status":"publish","type":"page","link":"https:\/\/www.erablieredurangdesvents.ca\/?page_id=11","title":{"rendered":"\u00c0 propos de nous"},"content":{"rendered":"\n<p>Notre \u00e9rabli\u00e8re est une histoire marqu\u00e9e par la passion de notre merveilleux terroir laurentien ainsi qu\u2019un savoir-faire multig\u00e9n\u00e9rationel. C&rsquo;est un v\u00e9ritable plaisir de confectionner et d\u2019offrir des produits naturels de qualit\u00e9 issus de notre magnifique for\u00eat depuis maintenant plus de 40 ans &#8211; et nous esp\u00e9rons bien, pour encore plusieurs d\u00e9cennies \u00e0 venir.<\/p>\n\n\n\n<p><\/p>\n","protected":false},"excerpt":{"rendered":"<p>Notre \u00e9rabli\u00e8re est une histoire marqu\u00e9e par la passion de notre merveilleux terroir laurentien ainsi qu\u2019un savoir-faire multig\u00e9n\u00e9rationel. C&rsquo;est un v\u00e9ritable plaisir de confectionner et d\u2019offrir des produits naturels de qualit\u00e9 issus de notre magnifique for\u00eat depuis maintenant plus de 40 ans &#8211; et nous esp\u00e9rons bien, pour encore plusieurs d\u00e9cennies \u00e0 venir.<\/p>\n","protected":false},"author":1,"featured_media":0,"parent":0,"menu_order":0,"comment_status":"closed","ping_status":"closed","template":"","meta":{"footnotes":""},"class_list":["post-11","page","type-page","status-publish","hentry","entry"],"_links":{"self":[{"href":"https:\/\/www.erablieredurangdesvents.ca\/index.php?rest_route=\/wp\/v2\/pages\/11","targetHints":{"allow":["GET"]}}],"collection":[{"href":"https:\/\/www.erablieredurangdesvents.ca\/index.php?rest_route=\/wp\/v2\/pages"}],"about":[{"href":"https:\/\/www.erablieredurangdesvents.ca\/index.php?rest_route=\/wp\/v2\/types\/page"}],"author":[{"embeddable":true,"href":"https:\/\/www.erablieredurangdesvents.ca\/index.php?rest_route=\/wp\/v2\/users\/1"}],"replies":[{"embeddable":true,"href":"https:\/\/www.erablieredurangdesvents.ca\/index.php?rest_route=%2Fwp%2Fv2%2Fcomments&post=11"}],"version-history":[{"count":6,"href":"https:\/\/www.erablieredurangdesvents.ca\/index.php?rest_route=\/wp\/v2\/pages\/11\/revisions"}],"predecessor-version":[{"id":46,"href":"https:\/\/www.erablieredurangdesvents.ca\/index.php?rest_route=\/wp\/v2\/pages\/11\/revisions\/46"}],"wp:attachment":[{"href":"https:\/\/www.erablieredurangdesvents.ca\/index.php?rest_route=%2Fwp%2Fv2%2Fmedia&parent=11"}],"curies":[{"name":"wp","href":"https:\/\/api.w.org\/{rel}","templated":true}]}}